{"id":3125,"date":"2018-05-08T17:22:22","date_gmt":"2018-05-08T20:22:22","guid":{"rendered":"http:\/\/45.40.135.81\/~mhlabcom\/?page_id=3125"},"modified":"2018-11-01T13:39:37","modified_gmt":"2018-11-01T16:39:37","slug":"reagents","status":"publish","type":"page","link":"https:\/\/mhlab.com.br\/en\/reagents\/","title":{"rendered":"Reagents"},"content":{"rendered":"<p>[vc_row][vc_column][vc_tta_tabs][vc_tta_section title=&#8221;AEO-L\u00e1tex&#8221; tab_id=&#8221;1525829504515-8dd3f3e9-3673&#8243;][vc_column_text]541<\/p>\n<p>2,0 mL<br \/>\n40 \/ 80<br \/>\nTestes<\/p>\n<p>M\u00e9todo: Aglutina\u00e7\u00e3o do L\u00e1tex<\/p>\n<p>Anti-Estreptolisina O em L\u00e2mina \u2013 M\u00e9todo sem dilui\u00e7\u00e3o da amostra para determina\u00e7\u00e3o qualitativa e semi-quantitativa da Anti-Estreptolisina O. L\u00e1tex AEO (2 mL), Controles Positivo e Negativo (1 mL de cada), L\u00e2minas e Bast\u00f5es.[\/vc_column_text][\/vc_tta_section][vc_tta_section title=&#8221;AEO Turbidimetria&#8221; tab_id=&#8221;1525829504544-f19b2a9d-161a&#8221;][vc_column_text]471<\/p>\n<p>M\u00e9todo:\u00a0Turbidimetria<\/p>\n<p><strong>Padr\u00e3o\u00a0incluso<\/strong><\/p>\n<p>50\u00a0mL[\/vc_column_text][\/vc_tta_section][vc_tta_section title=&#8221;Albumina &#8211; PP&#8221; tab_id=&#8221;1525834184794-8d286bfc-1238&#8243;][vc_column_text]419<\/p>\n<p><strong>Pronto\u00a0para\u00a0Uso<\/strong><strong><br \/>\n<\/strong>M\u00e9todo:\u00a0Colorim\u00e9trico-Verde\u00a0de\u00a0Bromocresol<\/p>\n<p>250\u00a0mL[\/vc_column_text][\/vc_tta_section][vc_tta_section title=&#8221;Amilase Direta &#8211; CNP&#8221; tab_id=&#8221;1525834248004-6fe11715-63d3&#8243;][vc_column_text]407<\/p>\n<p><strong>Pronto\u00a0para\u00a0Uso<br \/>\n<\/strong>M\u00e9todo:\u00a0Cin\u00e9tico-Colorim\u00e9trico\u00a0(Cloronitrofenol)<\/p>\n<p>2\u00a0x\u00a030\u00a0mL[\/vc_column_text][\/vc_tta_section][vc_tta_section title=&#8221;Bilirrubinas &#8211; PP&#8221; tab_id=&#8221;1525834296504-51fe90a2-1d3e&#8221;][vc_column_text]431M<\/p>\n<p><strong>L\u00edquido<br \/>\n<\/strong>M\u00e9todo:\u00a0Dicloroanilina\u00a0(DCA)<\/p>\n<p>1\u00a0x\u00a052\u00a0mLBD<br \/>\n1\u00a0x\u00a052\u00a0mL\u00a0BT[\/vc_column_text][\/vc_tta_section][vc_tta_section title=&#8221;C\u00e1lcio &#8211; PP&#8221; tab_id=&#8221;1525834341664-a5f6997a-bfac&#8221;][vc_column_text]448<\/p>\n<p><strong>L\u00edquido<br \/>\n<\/strong>M\u00e9todo:\u00a0Colorim\u00e9trico\u00a0\u2013\u00a0Cresolftale\u00edna<\/p>\n<p>2\u00a0x\u00a060\u00a0mL[\/vc_column_text][\/vc_tta_section][vc_tta_section title=&#8221;CLF Direta&#8221; tab_id=&#8221;1525834391387-4a3773ce-ba6e&#8221;][vc_column_text]433M<\/p>\n<p><strong>L\u00edquido<br \/>\n<\/strong>M\u00e9todo:\u00a0Colorim\u00e9trico-Ferrozina<\/p>\n<p><strong>Calibrador\u00a0incluso<\/strong><\/p>\n<p>1\u00a0x\u00a065\u00a0mL[\/vc_column_text][\/vc_tta_section][vc_tta_section title=&#8221;CKMB &#8211; PP&#8221; tab_id=&#8221;1525834456790-ca325155-9b92&#8243;][vc_column_text]490<\/p>\n<p><strong>L\u00edquido<br \/>\n<\/strong>M\u00e9todo:\u00a0Cin\u00e9tico-UV<\/p>\n<p><strong>Calibrador\u00a0incluso<\/strong><\/p>\n<p>50\u00a0mL[\/vc_column_text][\/vc_tta_section][vc_tta_section title=&#8221;CK-NAC &#8211; PP&#8221; tab_id=&#8221;1525834493704-45ab9f96-0168&#8243;][vc_column_text]458<\/p>\n<p><strong>L\u00edquido<br \/>\n<\/strong>M\u00e9todo:\u00a0Cin\u00e9tico-UV<\/p>\n<p><strong>Calibrador\u00a0incluso<\/strong><\/p>\n<p>50\u00a0mL[\/vc_column_text][\/vc_tta_section][vc_tta_section title=&#8221;Colesterol &#8211; PP&#8221; tab_id=&#8221;1525834545810-49c111a1-9b8d&#8221;][vc_column_text]460<\/p>\n<p><strong>Pronto\u00a0para\u00a0Uso<br \/>\n<\/strong>M\u00e9todo:\u00a0Enzim\u00e1tico-Colorim\u00e9trico\u00a0(Trinder)<\/p>\n<p>2\u00a0x\u00a0100\u00a0mL[\/vc_column_text][\/vc_tta_section][vc_tta_section title=&#8221;Creatinina &#8211; PP&#8221; tab_id=&#8221;1525834617933-63e6aafe-406e&#8221;][vc_column_text]335<\/p>\n<p><strong>L\u00edquido<br \/>\n<\/strong>M\u00e9todo:\u00a0Colorim\u00e9trico\u00a0\u2013\u00a0Picrato\u00a0Alcalino<\/p>\n<p>250\u00a0mL[\/vc_column_text][\/vc_tta_section][vc_tta_section title=&#8221;Dengue &#8211; EIC&#8221; tab_id=&#8221;1525834677079-8e0442b3-3dee&#8221;][vc_column_text]536<\/p>\n<p>(20\u00a0cassetes)\u00a0IgG\u00a0\/\u00a0IgM<br \/>\nM\u00e9todo:\u00a0Imunocromatografia<\/p>\n<p>20\u00a0Testes[\/vc_column_text][\/vc_tta_section][vc_tta_section title=&#8221;Ferro &#8211; PP&#8221; tab_id=&#8221;1525834721849-f8217169-d3fc&#8221;][vc_column_text]438<\/p>\n<p><strong>L\u00edquido<br \/>\n<\/strong>M\u00e9todo:\u00a0Colorim\u00e9trico-Ferrozina<\/p>\n<p>2\u00a0x\u00a050\u00a0mL[\/vc_column_text][\/vc_tta_section][vc_tta_section title=&#8221;Fosfatase Alcalina &#8211; PP&#8221; tab_id=&#8221;1525834761870-0d71f475-1be1&#8243;][vc_column_text]440<\/p>\n<p><strong>L\u00edquido<br \/>\n<\/strong>M\u00e9todo:\u00a0Cin\u00e9tico-Colorim\u00e9trico<\/p>\n<p>2\u00a0x\u00a030\u00a0mL[\/vc_column_text][\/vc_tta_section][vc_tta_section title=&#8221;F\u00f3sforo UV &#8211; PP&#8221; tab_id=&#8221;1525834798862-c83595b4-00b7&#8243;][vc_column_text]412<\/p>\n<p><strong>Pronto\u00a0para\u00a0Uso<br \/>\n<\/strong>M\u00e9todo:\u00a0Ultravioleta<\/p>\n<p>200\u00a0mL[\/vc_column_text][\/vc_tta_section][vc_tta_section title=&#8221;FR Turbidimetria&#8221; tab_id=&#8221;1525834843053-ec4c9219-3c10&#8243;][vc_column_text]472<\/p>\n<p><strong>L\u00edquido<br \/>\n<\/strong>M\u00e9todo:\u00a0Turbidimetria<\/p>\n<p><strong>Padr\u00e3o\u00a0incluso<\/strong><\/p>\n<p>50\u00a0mL[\/vc_column_text][\/vc_tta_section][vc_tta_section title=&#8221;Glicose &#8211; PP&#8221; tab_id=&#8221;1525834919487-9bfe616e-e1bb&#8221;][vc_column_text]434E<\/p>\n<p><strong>Pronto\u00a0para\u00a0Uso<br \/>\n<\/strong>M\u00e9todo:\u00a0Enzim\u00e1tico-Colorim\u00e9trico<\/p>\n<p>500\u00a0mL[\/vc_column_text][\/vc_tta_section][vc_tta_section title=&#8221;HBsAG &#8211; EIC&#8221; tab_id=&#8221;1525834984655-0889b9c7-f3d5&#8243;][vc_column_text]532<\/p>\n<p>(20\u00a0cassetes)<br \/>\nM\u00e9todo:\u00a0Imunocromatografia<\/p>\n<p>20\u00a0Testes[\/vc_column_text][\/vc_tta_section][vc_tta_section title=&#8221;HIV &#8211; EIC&#8221; tab_id=&#8221;1525835042556-892df8f7-cb38&#8243;][vc_column_text]530M<\/p>\n<p>(10\u00a0cassetes)<br \/>\nM\u00e9todo:\u00a0Imunocromatografia<\/p>\n<p>10\u00a0Testes[\/vc_column_text][\/vc_tta_section][vc_tta_section title=&#8221;Magn\u00e9sio &#8211; PP&#8221; tab_id=&#8221;1525835088916-b273272d-3295&#8243;][vc_column_text]450M<\/p>\n<p><strong>L\u00edquido<br \/>\n<\/strong>M\u00e9todo:\u00a0Colorim\u00e9trico-Magon\u00a0Sulfonado<\/p>\n<p>1\u00a0x\u00a0100\u00a0mL[\/vc_column_text][\/vc_tta_section][vc_tta_section title=&#8221;Microalbumin\u00faria &#8211; PP&#8221; tab_id=&#8221;1525835129436-7fec7847-bdd8&#8243;][vc_column_text]470<\/p>\n<p><strong>L\u00edquido<\/strong><\/p>\n<p>M\u00e9todo:\u00a0Turbidimetria<\/p>\n<p><strong>Padr\u00e3o\u00a0incluso<\/strong><\/p>\n<p>50\u00a0mL[\/vc_column_text][\/vc_tta_section][vc_tta_section title=&#8221;PCR &#8211; AS Turbidimetria&#8221; tab_id=&#8221;1525835231696-696f4e03-f599&#8243;][vc_column_text]474M<\/p>\n<p><strong>L\u00edquido<br \/>\n<\/strong>M\u00e9todo:\u00a0Turbidimetria\u00a0de\u00a0alta\u00a0sensibilidade<\/p>\n<p><strong>Padr\u00e3o\u00a0incluso<\/strong><\/p>\n<p>50\u00a0mL[\/vc_column_text][\/vc_tta_section][vc_tta_section title=&#8221;PSA &#8211; EIC&#8221; tab_id=&#8221;1525835289210-583b5139-e407&#8243;][vc_column_text]426M<\/p>\n<p>(10\u00a0cassetes)<br \/>\nM\u00e9todo:\u00a0Imunocromatografia<\/p>\n<p>10\u00a0Testes[\/vc_column_text][\/vc_tta_section][vc_tta_section title=&#8221;Sangue Oculto &#8211; EIC&#8221; tab_id=&#8221;1525835335704-cde92627-0d3e&#8221;][vc_column_text]533<\/p>\n<p>(20\u00a0cassetes)\u00a0\u2013\u00a0<strong>Sem\u00a0dieta<br \/>\n<\/strong>M\u00e9todo:\u00a0Imunocromatografia<\/p>\n<p>20\u00a0Testes[\/vc_column_text][\/vc_tta_section][vc_tta_section title=&#8221;Triglic\u00e9rides &#8211; PP&#8221; tab_id=&#8221;1525835380602-3a84ee67-52e4&#8243;][vc_column_text]459M<\/p>\n<p><strong>Pronto\u00a0para\u00a0Uso<br \/>\n<\/strong>M\u00e9todo:\u00a0Enzim\u00e1tico-Colorim\u00e9trico<\/p>\n<p>1\u00a0x\u00a0100\u00a0mL[\/vc_column_text][\/vc_tta_section][vc_tta_section title=&#8221;Ur\u00e9ia UV &#8211; PP&#8221; tab_id=&#8221;1525835427618-d406ebfb-4a6a&#8221;][vc_column_text]416M<\/p>\n<p><strong>L\u00edquido<br \/>\n<\/strong>M\u00e9todo:\u00a0Cin\u00e9tico-UV<\/p>\n<p>2\u00a0x\u00a050\u00a0mL[\/vc_column_text][\/vc_tta_section][vc_tta_section title=&#8221;UriGold&#8221; tab_id=&#8221;1525835475848-a42b8bd2-6446&#8243;][vc_column_text]500SE<\/p>\n<p>Tiras\u00a0teste\u00a0para\u00a0a\u00a0determina\u00e7\u00e3o\u00a0semi-quantitativa\u00a0de\u00a0dez\u00a0par\u00e2metros\u00a0na\u00a0urina.\u00a0\u00a0<strong>100\/2\u00a0=\u00a0200\u00a0(cortadas\u00a0ao\u00a0meio)<\/strong><\/p>\n<p>200\u00a0Testes[\/vc_column_text][\/vc_tta_section][\/vc_tta_tabs][\/vc_column][\/vc_row]<\/p>\n","protected":false},"excerpt":{"rendered":"<p>[vc_row][vc_column][vc_tta_tabs][vc_tta_section title=&#8221;AEO-L\u00e1tex&#8221; tab_id=&#8221;1525829504515-8dd3f3e9-3673&#8243;][vc_column_text]541 2,0 mL 40 \/ 80 Testes M\u00e9todo: Aglutina\u00e7\u00e3o do L\u00e1tex Anti-Estreptolisina O em L\u00e2mina \u2013 M\u00e9todo sem dilui\u00e7\u00e3o da amostra para determina\u00e7\u00e3o qualitativa e semi-quantitativa da Anti-Estreptolisina O. L\u00e1tex AEO (2 mL), Controles Positivo e Negativo (1 mL de cada), L\u00e2minas e Bast\u00f5es.[\/vc_column_text][\/vc_tta_section][vc_tta_section title=&#8221;AEO Turbidimetria&#8221; tab_id=&#8221;1525829504544-f19b2a9d-161a&#8221;][vc_column_text]471 M\u00e9todo:\u00a0Turbidimetria Padr\u00e3o\u00a0incluso 50\u00a0mL[\/vc_column_text][\/vc_tta_section][vc_tta_section title=&#8221;Albumina &#8211; PP&#8221; [&hellip;]<\/p>\n","protected":false},"author":3,"featured_media":0,"parent":0,"menu_order":0,"comment_status":"closed","ping_status":"closed","template":"","meta":{"_acf_changed":false,"_joinchat":[],"footnotes":""},"class_list":["post-3125","page","type-page","status-publish","hentry"],"acf":[],"_links":{"self":[{"href":"https:\/\/mhlab.com.br\/en\/wp-json\/wp\/v2\/pages\/3125","targetHints":{"allow":["GET"]}}],"collection":[{"href":"https:\/\/mhlab.com.br\/en\/wp-json\/wp\/v2\/pages"}],"about":[{"href":"https:\/\/mhlab.com.br\/en\/wp-json\/wp\/v2\/types\/page"}],"author":[{"embeddable":true,"href":"https:\/\/mhlab.com.br\/en\/wp-json\/wp\/v2\/users\/3"}],"replies":[{"embeddable":true,"href":"https:\/\/mhlab.com.br\/en\/wp-json\/wp\/v2\/comments?post=3125"}],"version-history":[{"count":16,"href":"https:\/\/mhlab.com.br\/en\/wp-json\/wp\/v2\/pages\/3125\/revisions"}],"predecessor-version":[{"id":3771,"href":"https:\/\/mhlab.com.br\/en\/wp-json\/wp\/v2\/pages\/3125\/revisions\/3771"}],"wp:attachment":[{"href":"https:\/\/mhlab.com.br\/en\/wp-json\/wp\/v2\/media?parent=3125"}],"curies":[{"name":"wp","href":"https:\/\/api.w.org\/{rel}","templated":true}]}}